{"id":228,"date":"2018-02-09T17:37:31","date_gmt":"2018-02-09T16:37:31","guid":{"rendered":"http:\/\/www.ewc.at\/?page_id=228"},"modified":"2018-02-16T12:46:06","modified_gmt":"2018-02-16T11:46:06","slug":"impressum","status":"publish","type":"page","link":"http:\/\/www.ewc.at\/english\/impressum\/","title":{"rendered":"Impressum"},"content":{"rendered":"<div id=\"cs-content\" class=\"cs-content\"><\/div>","protected":false},"excerpt":{"rendered":"<p>Impressum \/ DisclaimerVerein Ensemble Wiener CollageAdambergergasse 3A-1020\u00a0WIENnewmusic@ensemblewienercollage.atAlle Inhalte auf den Seiten von\u00a0www.ensemblewienercollage.at\u00a0bzw.\u00a0www.ewc.at\u00a0dienen der pers\u00f6nlichen Information. Diese Inhalte d\u00fcrfen nicht ohne unsere vorherige Genehmigung ver\u00f6ffentlicht oder weiterverbreitet werden.Von unserer Seite verlinkte Websites und in unserer Seite von anderen Websites eingebundene Inhalte bedeuten nicht, dass wir Inhalte anderer Seiten billigen oder akzeptieren, oder dass wir Verantwortung f\u00fcr den Betrieb oder Inhalt anderer &#8230;<\/p>","protected":false},"author":1,"featured_media":0,"parent":0,"menu_order":0,"comment_status":"closed","ping_status":"closed","template":"template-blank-1.php","meta":{"footnotes":""},"class_list":["post-228","page","type-page","status-publish","hentry","no-post-thumbnail"],"yoast_head":"<!-- This site is optimized with the Yoast SEO plugin v27.6 - https:\/\/yoast.com\/product\/yoast-seo-wordpress\/ -->\n<title>Impressum - EWC - Ensemble Wiener Collage<\/title>\n<meta name=\"robots\" content=\"index, follow, max-snippet:-1, max-image-preview:large, max-video-preview:-1\" \/>\n<link rel=\"canonical\" href=\"http:\/\/www.ewc.at\/english\/impressum\/\" \/>\n<meta property=\"og:locale\" content=\"en_GB\" \/>\n<meta property=\"og:type\" content=\"article\" \/>\n<meta property=\"og:title\" content=\"Impressum - EWC - Ensemble Wiener Collage\" \/>\n<meta property=\"og:description\" content=\"Impressum \/ DisclaimerVerein Ensemble Wiener CollageAdambergergasse 3A-1020\u00a0WIENnewmusic@ensemblewienercollage.atAlle Inhalte auf den Seiten von\u00a0www.ensemblewienercollage.at\u00a0bzw.\u00a0www.ewc.at\u00a0dienen der pers\u00f6nlichen Information. Diese Inhalte d\u00fcrfen nicht ohne unsere vorherige Genehmigung ver\u00f6ffentlicht oder weiterverbreitet werden.Von unserer Seite verlinkte Websites und in unserer Seite von anderen Websites eingebundene Inhalte bedeuten nicht, dass wir Inhalte anderer Seiten billigen oder akzeptieren, oder dass wir Verantwortung f\u00fcr den Betrieb oder Inhalt anderer ...\" \/>\n<meta property=\"og:url\" content=\"http:\/\/www.ewc.at\/english\/impressum\/\" \/>\n<meta property=\"og:site_name\" content=\"EWC - Ensemble Wiener Collage\" \/>\n<meta property=\"article:modified_time\" content=\"2018-02-16T11:46:06+00:00\" \/>\n<meta name=\"twitter:card\" content=\"summary_large_image\" \/>\n<script type=\"application\/ld+json\" class=\"yoast-schema-graph\">{\"@context\":\"https:\\\/\\\/schema.org\",\"@graph\":[{\"@type\":\"WebPage\",\"@id\":\"http:\\\/\\\/www.ewc.at\\\/impressum\\\/\",\"url\":\"http:\\\/\\\/www.ewc.at\\\/impressum\\\/\",\"name\":\"Impressum - EWC - Ensemble Wiener Collage\",\"isPartOf\":{\"@id\":\"http:\\\/\\\/www.ewc.at\\\/#website\"},\"datePublished\":\"2018-02-09T16:37:31+00:00\",\"dateModified\":\"2018-02-16T11:46:06+00:00\",\"breadcrumb\":{\"@id\":\"http:\\\/\\\/www.ewc.at\\\/impressum\\\/#breadcrumb\"},\"inLanguage\":\"en-GB\",\"potentialAction\":[{\"@type\":\"ReadAction\",\"target\":[\"http:\\\/\\\/www.ewc.at\\\/impressum\\\/\"]}]},{\"@type\":\"BreadcrumbList\",\"@id\":\"http:\\\/\\\/www.ewc.at\\\/impressum\\\/#breadcrumb\",\"itemListElement\":[{\"@type\":\"ListItem\",\"position\":1,\"name\":\"Startseite\",\"item\":\"http:\\\/\\\/www.ewc.at\\\/\"},{\"@type\":\"ListItem\",\"position\":2,\"name\":\"Impressum\"}]},{\"@type\":\"WebSite\",\"@id\":\"http:\\\/\\\/www.ewc.at\\\/#website\",\"url\":\"http:\\\/\\\/www.ewc.at\\\/\",\"name\":\"EWC - Ensemble Wiener Collage\",\"description\":\"Zeitgen\u00f6ssische Musik auf h\u00f6chstem Niveau\",\"potentialAction\":[{\"@type\":\"SearchAction\",\"target\":{\"@type\":\"EntryPoint\",\"urlTemplate\":\"http:\\\/\\\/www.ewc.at\\\/?s={search_term_string}\"},\"query-input\":{\"@type\":\"PropertyValueSpecification\",\"valueRequired\":true,\"valueName\":\"search_term_string\"}}],\"inLanguage\":\"en-GB\"}]}<\/script>\n<!-- \/ Yoast SEO plugin. -->","yoast_head_json":{"title":"Impressum - EWC - Ensemble Wiener Collage","robots":{"index":"index","follow":"follow","max-snippet":"max-snippet:-1","max-image-preview":"max-image-preview:large","max-video-preview":"max-video-preview:-1"},"canonical":"http:\/\/www.ewc.at\/english\/impressum\/","og_locale":"en_GB","og_type":"article","og_title":"Impressum - EWC - Ensemble Wiener Collage","og_description":"Impressum \/ DisclaimerVerein Ensemble Wiener CollageAdambergergasse 3A-1020\u00a0WIENnewmusic@ensemblewienercollage.atAlle Inhalte auf den Seiten von\u00a0www.ensemblewienercollage.at\u00a0bzw.\u00a0www.ewc.at\u00a0dienen der pers\u00f6nlichen Information. Diese Inhalte d\u00fcrfen nicht ohne unsere vorherige Genehmigung ver\u00f6ffentlicht oder weiterverbreitet werden.Von unserer Seite verlinkte Websites und in unserer Seite von anderen Websites eingebundene Inhalte bedeuten nicht, dass wir Inhalte anderer Seiten billigen oder akzeptieren, oder dass wir Verantwortung f\u00fcr den Betrieb oder Inhalt anderer ...","og_url":"http:\/\/www.ewc.at\/english\/impressum\/","og_site_name":"EWC - Ensemble Wiener Collage","article_modified_time":"2018-02-16T11:46:06+00:00","twitter_card":"summary_large_image","schema":{"@context":"https:\/\/schema.org","@graph":[{"@type":"WebPage","@id":"http:\/\/www.ewc.at\/impressum\/","url":"http:\/\/www.ewc.at\/impressum\/","name":"Impressum - EWC - Ensemble Wiener Collage","isPartOf":{"@id":"http:\/\/www.ewc.at\/#website"},"datePublished":"2018-02-09T16:37:31+00:00","dateModified":"2018-02-16T11:46:06+00:00","breadcrumb":{"@id":"http:\/\/www.ewc.at\/impressum\/#breadcrumb"},"inLanguage":"en-GB","potentialAction":[{"@type":"ReadAction","target":["http:\/\/www.ewc.at\/impressum\/"]}]},{"@type":"BreadcrumbList","@id":"http:\/\/www.ewc.at\/impressum\/#breadcrumb","itemListElement":[{"@type":"ListItem","position":1,"name":"Startseite","item":"http:\/\/www.ewc.at\/"},{"@type":"ListItem","position":2,"name":"Impressum"}]},{"@type":"WebSite","@id":"http:\/\/www.ewc.at\/#website","url":"http:\/\/www.ewc.at\/","name":"EWC - Ensemble Wiener Collage","description":"Zeitgen\u00f6ssische Musik auf h\u00f6chstem Niveau","potentialAction":[{"@type":"SearchAction","target":{"@type":"EntryPoint","urlTemplate":"http:\/\/www.ewc.at\/?s={search_term_string}"},"query-input":{"@type":"PropertyValueSpecification","valueRequired":true,"valueName":"search_term_string"}}],"inLanguage":"en-GB"}]}},"_links":{"self":[{"href":"http:\/\/www.ewc.at\/english\/wp-json\/wp\/v2\/pages\/228","targetHints":{"allow":["GET"]}}],"collection":[{"href":"http:\/\/www.ewc.at\/english\/wp-json\/wp\/v2\/pages"}],"about":[{"href":"http:\/\/www.ewc.at\/english\/wp-json\/wp\/v2\/types\/page"}],"author":[{"embeddable":true,"href":"http:\/\/www.ewc.at\/english\/wp-json\/wp\/v2\/users\/1"}],"replies":[{"embeddable":true,"href":"http:\/\/www.ewc.at\/english\/wp-json\/wp\/v2\/comments?post=228"}],"version-history":[{"count":11,"href":"http:\/\/www.ewc.at\/english\/wp-json\/wp\/v2\/pages\/228\/revisions"}],"predecessor-version":[{"id":502,"href":"http:\/\/www.ewc.at\/english\/wp-json\/wp\/v2\/pages\/228\/revisions\/502"}],"wp:attachment":[{"href":"http:\/\/www.ewc.at\/english\/wp-json\/wp\/v2\/media?parent=228"}],"curies":[{"name":"wp","href":"https:\/\/api.w.org\/{rel}","templated":true}]}}